{"id":53,"date":"2025-02-11T02:02:12","date_gmt":"2025-02-11T02:02:12","guid":{"rendered":"https:\/\/evenementcaninatq.com\/?page_id=53"},"modified":"2025-02-28T15:22:52","modified_gmt":"2025-02-28T15:22:52","slug":"hotel-victorin","status":"publish","type":"page","link":"https:\/\/evenementcaninatq.com\/en\/hotel-victorin\/","title":{"rendered":"Victorin Hotel"},"content":{"rendered":"<div class=\"wp-block-columns is-layout-flex wp-container-core-columns-is-layout-28f84493 wp-block-columns-is-layout-flex\">\n<div class=\"wp-block-column is-layout-flow wp-block-column-is-layout-flow\">\n<p class=\"\">Dear participants, We are pleased to announce that the H\u00f4tel Le Victorin in Victoriaville will be our accommodation partner for the ATQ 2025 Canine Event, which will be held from October 4 to 6. <\/p>\n\n\n\n<p class=\"\">We invite you to book now to guarantee your room. For all reservations, please contact the hotel directly and mention the event. <\/p>\n\n\n\n<p class=\"\">We look forward to seeing you there!<\/p>\n\n\n\n<p class=\"\">Mentionnez ATQ lors de la r\u00e9servation pour b\u00e9n\u00e9ficier d&#8217;un rabai<\/p>\n\n\n\n<p class=\"\"><\/p>\n\n\n\n<p class=\"\">19 Boulevard Arthabaska Est, Victoriaville, QC G6T 0S4<\/p>\n\n\n\n<p class=\"\"><a href=\"https:\/\/www.google.com\/search?q=hotel+victorin+adresse&amp;oq=hot&amp;gs_lcrp=EgZjaHJvbWUqBggCECMYJzIGCAAQRRg5MgYIARBFGDsyBggCECMYJzIQCAMQABiSAxiABBi4BBiKBTIGCAQQRRg9MgYIBRBFGD0yBggGEEUYPDIGCAcQRRg80gEIMjkxM2oxajeoAgCwAgA&amp;sourceid=chrome&amp;ie=UTF-8#\">(819) 758-0533<\/a><\/p>\n<\/div>\n<\/div>\n\n\n\n<div class=\"wp-block-group is-nowrap is-layout-flex wp-container-core-group-is-layout-6c531013 wp-block-group-is-layout-flex\">\n<p class=\"\"><a href=\"https:\/\/hotellevictorin.com\/\" title=\"lien vers le site\">https:\/\/hotellevictorin.com<\/a><\/p>\n<\/div>\n\n\n\n<p class=\"\"><\/p>\n\n\n\n<p class=\"\"><\/p>","protected":false},"excerpt":{"rendered":"<p>Chers participants, Nous sommes heureux de vous annoncer que l&#8217;H\u00f4tel Le Victorin \u00e0 Victoriaville sera notre partenaire pour l&#8217;h\u00e9bergement lors du \u00c9v\u00e9nement Canin ATQ 2025, qui se tiendra du 4 au 6 octobre. Nous vous invitons \u00e0 r\u00e9server d\u00e8s maintenant pour garantir votre chambre. Pour toute r\u00e9servation, veuillez contacter l&#8217;h\u00f4tel directement et mentionner l&#8217;\u00e9v\u00e9nement. Nous [&hellip;]<\/p>\n","protected":false},"author":1,"featured_media":0,"parent":0,"menu_order":0,"comment_status":"closed","ping_status":"closed","template":"","meta":{"_acf_changed":false,"nf_dc_page":"","om_disable_all_campaigns":false,"_monsterinsights_skip_tracking":false,"_monsterinsights_sitenote_active":false,"_monsterinsights_sitenote_note":"","_monsterinsights_sitenote_category":0,"footnotes":""},"class_list":["post-53","page","type-page","status-publish","hentry"],"acf":[],"aioseo_notices":[],"jetpack_sharing_enabled":true,"_links":{"self":[{"href":"https:\/\/evenementcaninatq.com\/en\/wp-json\/wp\/v2\/pages\/53","targetHints":{"allow":["GET"]}}],"collection":[{"href":"https:\/\/evenementcaninatq.com\/en\/wp-json\/wp\/v2\/pages"}],"about":[{"href":"https:\/\/evenementcaninatq.com\/en\/wp-json\/wp\/v2\/types\/page"}],"author":[{"embeddable":true,"href":"https:\/\/evenementcaninatq.com\/en\/wp-json\/wp\/v2\/users\/1"}],"replies":[{"embeddable":true,"href":"https:\/\/evenementcaninatq.com\/en\/wp-json\/wp\/v2\/comments?post=53"}],"version-history":[{"count":5,"href":"https:\/\/evenementcaninatq.com\/en\/wp-json\/wp\/v2\/pages\/53\/revisions"}],"predecessor-version":[{"id":380,"href":"https:\/\/evenementcaninatq.com\/en\/wp-json\/wp\/v2\/pages\/53\/revisions\/380"}],"wp:attachment":[{"href":"https:\/\/evenementcaninatq.com\/en\/wp-json\/wp\/v2\/media?parent=53"}],"curies":[{"name":"wp","href":"https:\/\/api.w.org\/{rel}","templated":true}]}}