{"id":7,"date":"2025-02-09T21:42:26","date_gmt":"2025-02-09T21:42:26","guid":{"rendered":"https:\/\/evenementcaninatq.com\/home\/"},"modified":"2026-04-16T18:50:28","modified_gmt":"2026-04-16T18:50:28","slug":"home","status":"publish","type":"page","link":"https:\/\/evenementcaninatq.com\/en\/","title":{"rendered":""},"content":{"rendered":"<figure class=\"wp-block-image size-full is-resized has-custom-border\" style=\"margin-top:0;margin-right:0;margin-bottom:0;margin-left:0\"><img data-recalc-dims=\"1\" loading=\"lazy\" decoding=\"async\" width=\"1640\" height=\"600\" src=\"https:\/\/i0.wp.com\/evenementcaninatq.com\/wp-content\/uploads\/2026\/03\/9dfd3390-83f6-414d-bcf2-a06c0b20c6ba.jpg?resize=1640%2C600&#038;ssl=1\" alt=\"\" class=\"wp-image-621\" style=\"border-style:none;border-width:0px;object-fit:contain;width:1920px;height:1080px\" srcset=\"https:\/\/i0.wp.com\/evenementcaninatq.com\/wp-content\/uploads\/2026\/03\/9dfd3390-83f6-414d-bcf2-a06c0b20c6ba.jpg?w=1640&amp;ssl=1 1640w, https:\/\/i0.wp.com\/evenementcaninatq.com\/wp-content\/uploads\/2026\/03\/9dfd3390-83f6-414d-bcf2-a06c0b20c6ba.jpg?resize=300%2C110&amp;ssl=1 300w, https:\/\/i0.wp.com\/evenementcaninatq.com\/wp-content\/uploads\/2026\/03\/9dfd3390-83f6-414d-bcf2-a06c0b20c6ba.jpg?resize=1024%2C375&amp;ssl=1 1024w, https:\/\/i0.wp.com\/evenementcaninatq.com\/wp-content\/uploads\/2026\/03\/9dfd3390-83f6-414d-bcf2-a06c0b20c6ba.jpg?resize=768%2C281&amp;ssl=1 768w, https:\/\/i0.wp.com\/evenementcaninatq.com\/wp-content\/uploads\/2026\/03\/9dfd3390-83f6-414d-bcf2-a06c0b20c6ba.jpg?resize=1536%2C562&amp;ssl=1 1536w, https:\/\/i0.wp.com\/evenementcaninatq.com\/wp-content\/uploads\/2026\/03\/9dfd3390-83f6-414d-bcf2-a06c0b20c6ba.jpg?resize=18%2C7&amp;ssl=1 18w, https:\/\/i0.wp.com\/evenementcaninatq.com\/wp-content\/uploads\/2026\/03\/9dfd3390-83f6-414d-bcf2-a06c0b20c6ba.jpg?resize=600%2C220&amp;ssl=1 600w\" sizes=\"auto, (max-width: 1000px) 100vw, 1000px\" \/><\/figure>\n\n\n\n<div class=\"wp-block-group alignfull is-layout-flow wp-container-core-group-is-layout-d6743c7d wp-block-group-is-layout-flow\">\n<div class=\"wp-block-columns alignfull is-layout-flex wp-container-core-columns-is-layout-d2ca7aa4 wp-block-columns-is-layout-flex\">\n<div class=\"wp-block-column is-vertically-aligned-center is-layout-constrained wp-container-core-column-is-layout-186d3446 wp-block-column-is-layout-constrained\">\n<div style=\"height:100px\" aria-hidden=\"true\" class=\"wp-block-spacer\"><\/div>\n\n\n\n<h3 class=\"wp-block-heading has-text-align-center has-primary-color has-text-color has-large-font-size\">Canin Event 2025<\/h3>\n\n\n\n<p class=\"has-text-align-left\">Bonjour \u00e0 tous et \u00e0 toutes, L\u2019Association Toilettage Qu\u00e9bec est fi\u00e8re de vous annoncer la 5e \u00e9dition de son \u00e9v\u00e9nement canin, pr\u00e9sent\u00e9 par UKAL !<\/p>\n\n\n\n<figure class=\"wp-block-image\"><img decoding=\"async\" src=\"https:\/\/static.xx.fbcdn.net\/images\/emoji.php\/v9\/tde\/1\/16\/1f43e.png\" alt=\"\ud83d\udc3e\"\/><\/figure>\n\n\n\n<p class=\"has-text-align-left\">Joignez-vous \u00e0 nous les 2, 3 et 4 octobre 2026 \u00e0 l\u2019H\u00f4tel Le Victorin, \u00e0 Victoriaville, pour un rendez-vous incontournable du monde du toilettage. Plus de d\u00e9tails \u00e0 venir\u2026 restez \u00e0 l\u2019aff\u00fbt !<\/p>\n\n\n\n<div style=\"height:20px\" aria-hidden=\"true\" class=\"wp-block-spacer\"><\/div>\n\n\n\n<div class=\"wp-block-buttons is-layout-flex wp-block-buttons-is-layout-flex\"><\/div>\n\n\n\n<div style=\"height:44px\" aria-hidden=\"true\" class=\"wp-block-spacer\"><\/div>\n<\/div>\n<\/div>\n\n\n\n<div class=\"wp-block-columns alignfull is-layout-flex wp-container-core-columns-is-layout-d2ca7aa4 wp-block-columns-is-layout-flex\">\n<div class=\"wp-block-column is-vertically-aligned-center is-layout-constrained wp-container-core-column-is-layout-186d3446 wp-block-column-is-layout-constrained\">\n<h2 class=\"wp-block-heading has-text-align-center has-primary-color has-text-color has-large-font-size\">Seminar Schedule<\/h2>\n\n\n\n<h3 class=\"wp-block-heading has-text-align-center\">Vendredi :<\/h3>\n\n\n\n<h3 class=\"wp-block-heading\">12h-14h &#8211; Wynne Wong<\/h3>\n\n\n\n<h3 class=\"wp-block-heading\">15h-17h &#8211; Scott Wasserman (Structure)<\/h3>\n\n\n\n<div style=\"height:100px\" aria-hidden=\"true\" class=\"wp-block-spacer\"><\/div>\n<\/div>\n\n\n\n<div class=\"wp-block-column is-vertically-aligned-center is-layout-constrained wp-container-core-column-is-layout-186d3446 wp-block-column-is-layout-constrained\">\n<div style=\"height:363px\" aria-hidden=\"true\" class=\"wp-block-spacer\"><\/div>\n\n\n\n<h3 class=\"wp-block-heading has-text-align-center\">Samedi:<\/h3>\n\n\n\n<h3 class=\"wp-block-heading\">9h-11h &#8211; Sandra Orford<\/h3>\n\n\n\n<h3 class=\"wp-block-heading\">9h-11h &#8211; Wynne Wong<\/h3>\n\n\n\n<h3 class=\"wp-block-heading\">12h-14h &#8211; Ergo<\/h3>\n\n\n\n<h3 class=\"wp-block-heading\">15h-17h &#8211; Scott Wasserman (Caniche)<\/h3>\n\n\n\n<h3 class=\"wp-block-heading\">15h-17h &#8211; Nancy Bryson (Model dog)<\/h3>\n\n\n\n<div class=\"wp-block-buttons is-layout-flex wp-block-buttons-is-layout-flex\"><\/div>\n\n\n\n<div style=\"height:100px\" aria-hidden=\"true\" class=\"wp-block-spacer\"><\/div>\n<\/div>\n\n\n\n<div class=\"wp-block-column is-layout-flow wp-block-column-is-layout-flow\">\n<div style=\"height:363px\" aria-hidden=\"true\" class=\"wp-block-spacer\"><\/div>\n\n\n\n<h3 class=\"wp-block-heading has-text-align-center\">Dimanche:<\/h3>\n\n\n\n<h3 class=\"wp-block-heading textalign\" style=\"text-align: center;\">9h-11h &#8211; Sandra Orford\u00a0<\/h3>\n\n\n\n<h3 class=\"wp-block-heading textalign\" style=\"text-align: center;\">9h-11h- Scott Wasserman (Sporting)<\/h3>\n\n\n\n<h3 class=\"wp-block-heading textalign\" style=\"text-align: center;\">12h-14h &#8211; Premier soin canin<\/h3>\n\n\n\n<h3 class=\"wp-block-heading textalign\" style=\"text-align: center;\">12h-14h &#8211; AMVQ en pratique des petits animaux<\/h3>\n<\/div>\n<\/div>\n\n\n\n<div class=\"wp-block-columns alignfull is-layout-flex wp-container-core-columns-is-layout-d2ca7aa4 wp-block-columns-is-layout-flex\">\n<div class=\"wp-block-column is-vertically-aligned-center is-layout-constrained wp-container-core-column-is-layout-186d3446 wp-block-column-is-layout-constrained\">\n<h2 class=\"wp-block-heading has-text-align-center has-primary-color has-text-color has-large-font-size\">Competition Schedule<\/h2>\n\n\n\n<h3 class=\"wp-block-heading has-text-align-center\">Vendredi :<\/h3>\n\n\n\n<h3 class=\"wp-block-heading\">9h-12H &#8211; Amical (Juge : Chantel Hunt)<\/h3>\n\n\n\n<h3 class=\"wp-block-heading\">13h00-16h00- Sporting (Juge: Sandra Orford)<\/h3>\n\n\n\n<div style=\"height:0px\" aria-hidden=\"true\" class=\"wp-block-spacer\"><\/div>\n<\/div>\n\n\n\n<div class=\"wp-block-column is-vertically-aligned-center is-layout-constrained wp-container-core-column-is-layout-186d3446 wp-block-column-is-layout-constrained\">\n<div style=\"height:350px\" aria-hidden=\"true\" class=\"wp-block-spacer\"><\/div>\n\n\n\n<h3 class=\"wp-block-heading has-text-align-center\">Saturday:<\/h3>\n\n\n\n<h3 class=\"wp-block-heading\">8h30- 12h00 Terrier ( Juge: Scott Wasserman)<\/h3>\n\n\n\n<h3 class=\"wp-block-heading\">8h30- 12h00 Pot Pourri (Juge : Nancy Bryson)<\/h3>\n\n\n\n<h3 class=\"wp-block-heading\">13h00-16h00 Autres races (Juge: Sandra Orford)<\/h3>\n\n\n\n<div style=\"height:100px\" aria-hidden=\"true\" class=\"wp-block-spacer\"><\/div>\n<\/div>\n\n\n\n<div class=\"wp-block-column is-vertically-aligned-center is-layout-constrained wp-container-core-column-is-layout-186d3446 wp-block-column-is-layout-constrained\">\n<div style=\"height:350px\" aria-hidden=\"true\" class=\"wp-block-spacer\"><\/div>\n\n\n\n<h3 class=\"wp-block-heading has-text-align-center\">Sunday :<\/h3>\n\n\n\n<h3 class=\"wp-block-heading\">8h30-12h00 &#8211; Cr\u00e9atif (Juge : Nancy Bryson)<\/h3>\n\n\n\n<h3 class=\"wp-block-heading\">13h00-16h00 &#8211; Caniche (Juge : Scott Wasserman)<\/h3>\n\n\n\n<h3 class=\"wp-block-heading\">17h00-&#8230; Best In Show (Juge:  Scott Wasserman &#8211; Sandra Orford)<\/h3>\n\n\n\n<div style=\"height:100px\" aria-hidden=\"true\" class=\"wp-block-spacer\"><\/div>\n<\/div>\n\n\n\n<div class=\"wp-block-column is-layout-flow wp-block-column-is-layout-flow\">\n<div style=\"height:169px\" aria-hidden=\"true\" class=\"wp-block-spacer\"><\/div>\n<\/div>\n<\/div>\n<\/div>\n\n\n\n<div style=\"height:100px\" aria-hidden=\"true\" class=\"wp-block-spacer\"><\/div>\n\n\n\n<div class=\"wp-block-columns is-layout-flex wp-container-core-columns-is-layout-28f84493 wp-block-columns-is-layout-flex\">\n<div class=\"wp-block-column is-layout-flow wp-block-column-is-layout-flow\">\n<h2 class=\"wp-block-heading\"><\/h2>\n<\/div>\n\n\n\n<div class=\"wp-block-column is-layout-flow wp-block-column-is-layout-flow\"><\/div>\n\n\n\n<div class=\"wp-block-column is-layout-flow wp-block-column-is-layout-flow\"><\/div>\n<\/div>\n\n\n\n<h3 class=\"wp-block-heading has-text-align-center has-primary-color has-text-color has-large-font-size\" style=\"font-style:normal;font-weight:600\">Our Seminars <\/h3>\n\n\n\n<div style=\"height:32px\" aria-hidden=\"true\" class=\"wp-block-spacer\"><\/div>\n\n\n\n<div style=\"height:0px\" aria-hidden=\"true\" class=\"wp-block-spacer\"><\/div>\n\n\n\n<div class=\"has-2-columns wp-block-columns is-layout-flex wp-container-core-columns-is-layout-28f84493 wp-block-columns-is-layout-flex\">\n<div class=\"wp-block-column is-layout-flow wp-block-column-is-layout-flow\">\n<div class=\"wp-block-columns is-layout-flex wp-container-core-columns-is-layout-28f84493 wp-block-columns-is-layout-flex\">\n<div class=\"wp-block-column is-layout-flow wp-block-column-is-layout-flow\">\n<figure class=\"wp-block-image size-full is-resized\"><a href=\"https:\/\/evenementcaninatq.com\/en\/product\/nancy\/\"><img data-recalc-dims=\"1\" loading=\"lazy\" decoding=\"async\" width=\"500\" height=\"500\" src=\"https:\/\/i0.wp.com\/evenementcaninatq.com\/wp-content\/uploads\/2025\/02\/Adobe-Express-file.jpg?resize=500%2C500&#038;ssl=1\" alt=\"\" class=\"wp-image-201\" style=\"object-fit:cover;width:400px;height:400px\" srcset=\"https:\/\/i0.wp.com\/evenementcaninatq.com\/wp-content\/uploads\/2025\/02\/Adobe-Express-file.jpg?w=500&amp;ssl=1 500w, https:\/\/i0.wp.com\/evenementcaninatq.com\/wp-content\/uploads\/2025\/02\/Adobe-Express-file.jpg?resize=300%2C300&amp;ssl=1 300w, https:\/\/i0.wp.com\/evenementcaninatq.com\/wp-content\/uploads\/2025\/02\/Adobe-Express-file.jpg?resize=150%2C150&amp;ssl=1 150w, https:\/\/i0.wp.com\/evenementcaninatq.com\/wp-content\/uploads\/2025\/02\/Adobe-Express-file.jpg?resize=12%2C12&amp;ssl=1 12w\" sizes=\"auto, (max-width: 500px) 100vw, 500px\" \/><\/a><\/figure>\n<\/div>\n\n\n\n<div class=\"wp-block-column is-layout-flow wp-block-column-is-layout-flow\">\n<figure class=\"wp-block-image size-full is-resized\"><img data-recalc-dims=\"1\" loading=\"lazy\" decoding=\"async\" width=\"1126\" height=\"1452\" src=\"https:\/\/i0.wp.com\/evenementcaninatq.com\/wp-content\/uploads\/2026\/04\/ee0ebce9-d4ab-46b5-a475-ad80098906d2.jpg?resize=1126%2C1452&#038;ssl=1\" alt=\"\" class=\"wp-image-710\" style=\"object-fit:cover;width:400px;height:400px\" srcset=\"https:\/\/i0.wp.com\/evenementcaninatq.com\/wp-content\/uploads\/2026\/04\/ee0ebce9-d4ab-46b5-a475-ad80098906d2.jpg?w=1126&amp;ssl=1 1126w, https:\/\/i0.wp.com\/evenementcaninatq.com\/wp-content\/uploads\/2026\/04\/ee0ebce9-d4ab-46b5-a475-ad80098906d2.jpg?resize=233%2C300&amp;ssl=1 233w, https:\/\/i0.wp.com\/evenementcaninatq.com\/wp-content\/uploads\/2026\/04\/ee0ebce9-d4ab-46b5-a475-ad80098906d2.jpg?resize=794%2C1024&amp;ssl=1 794w, https:\/\/i0.wp.com\/evenementcaninatq.com\/wp-content\/uploads\/2026\/04\/ee0ebce9-d4ab-46b5-a475-ad80098906d2.jpg?resize=768%2C990&amp;ssl=1 768w, https:\/\/i0.wp.com\/evenementcaninatq.com\/wp-content\/uploads\/2026\/04\/ee0ebce9-d4ab-46b5-a475-ad80098906d2.jpg?resize=9%2C12&amp;ssl=1 9w, https:\/\/i0.wp.com\/evenementcaninatq.com\/wp-content\/uploads\/2026\/04\/ee0ebce9-d4ab-46b5-a475-ad80098906d2.jpg?resize=600%2C774&amp;ssl=1 600w\" sizes=\"auto, (max-width: 1000px) 100vw, 1000px\" \/><\/figure>\n<\/div>\n\n\n\n<div class=\"wp-block-column is-layout-flow wp-block-column-is-layout-flow\">\n<figure class=\"wp-block-image size-full is-resized\"><img data-recalc-dims=\"1\" loading=\"lazy\" decoding=\"async\" width=\"691\" height=\"864\" src=\"https:\/\/i0.wp.com\/evenementcaninatq.com\/wp-content\/uploads\/2026\/04\/1f7a314a-ba44-48c8-bbd0-da24d269a47c.jpg?resize=691%2C864&#038;ssl=1\" alt=\"\" class=\"wp-image-737\" style=\"object-fit:cover;width:400px;height:400px\" srcset=\"https:\/\/i0.wp.com\/evenementcaninatq.com\/wp-content\/uploads\/2026\/04\/1f7a314a-ba44-48c8-bbd0-da24d269a47c.jpg?w=691&amp;ssl=1 691w, https:\/\/i0.wp.com\/evenementcaninatq.com\/wp-content\/uploads\/2026\/04\/1f7a314a-ba44-48c8-bbd0-da24d269a47c.jpg?resize=240%2C300&amp;ssl=1 240w, https:\/\/i0.wp.com\/evenementcaninatq.com\/wp-content\/uploads\/2026\/04\/1f7a314a-ba44-48c8-bbd0-da24d269a47c.jpg?resize=10%2C12&amp;ssl=1 10w, https:\/\/i0.wp.com\/evenementcaninatq.com\/wp-content\/uploads\/2026\/04\/1f7a314a-ba44-48c8-bbd0-da24d269a47c.jpg?resize=600%2C750&amp;ssl=1 600w\" sizes=\"auto, (max-width: 691px) 100vw, 691px\" \/><\/figure>\n<\/div>\n\n\n\n<div class=\"wp-block-column is-layout-flow wp-block-column-is-layout-flow\">\n<figure class=\"wp-block-image size-full is-resized\"><img loading=\"lazy\" decoding=\"async\" width=\"1000\" height=\"1000\" src=\"https:\/\/i0.wp.com\/evenementcaninatq.com\/wp-content\/uploads\/2026\/04\/4cf683c0-3e98-4188-a749-4e6ad9f758f2.jpg?fit=1000%2C1000&amp;ssl=1\" alt=\"\" class=\"wp-image-689\" style=\"object-fit:cover;width:400px;height:400px\" srcset=\"https:\/\/i0.wp.com\/evenementcaninatq.com\/wp-content\/uploads\/2026\/04\/4cf683c0-3e98-4188-a749-4e6ad9f758f2.jpg?w=1000&amp;ssl=1 1000w, https:\/\/i0.wp.com\/evenementcaninatq.com\/wp-content\/uploads\/2026\/04\/4cf683c0-3e98-4188-a749-4e6ad9f758f2.jpg?resize=300%2C300&amp;ssl=1 300w, https:\/\/i0.wp.com\/evenementcaninatq.com\/wp-content\/uploads\/2026\/04\/4cf683c0-3e98-4188-a749-4e6ad9f758f2.jpg?resize=150%2C150&amp;ssl=1 150w, https:\/\/i0.wp.com\/evenementcaninatq.com\/wp-content\/uploads\/2026\/04\/4cf683c0-3e98-4188-a749-4e6ad9f758f2.jpg?resize=768%2C768&amp;ssl=1 768w, https:\/\/i0.wp.com\/evenementcaninatq.com\/wp-content\/uploads\/2026\/04\/4cf683c0-3e98-4188-a749-4e6ad9f758f2.jpg?resize=12%2C12&amp;ssl=1 12w, https:\/\/i0.wp.com\/evenementcaninatq.com\/wp-content\/uploads\/2026\/04\/4cf683c0-3e98-4188-a749-4e6ad9f758f2.jpg?resize=600%2C600&amp;ssl=1 600w\" sizes=\"auto, (max-width: 1000px) 100vw, 1000px\" \/><\/figure>\n<\/div>\n<\/div>\n<\/div>\n<\/div>\n\n\n\n<div style=\"height:100px\" aria-hidden=\"true\" class=\"wp-block-spacer\"><\/div>\n\n\n\n<div style=\"height:150px\" aria-hidden=\"true\" class=\"wp-block-spacer\"><\/div>\n\n\n\n<p class=\"\"><\/p>","protected":false},"excerpt":{"rendered":"<p>\u00c9v\u00e8nement Canin 2025 Bonjour \u00e0 tous et \u00e0 toutes, L\u2019Association Toilettage Qu\u00e9bec est fi\u00e8re de vous annoncer la 5e \u00e9dition de son \u00e9v\u00e9nement canin, pr\u00e9sent\u00e9 par UKAL ! Joignez-vous \u00e0 nous les 2, 3 et 4 octobre 2026 \u00e0 l\u2019H\u00f4tel Le Victorin, \u00e0 Victoriaville, pour un rendez-vous incontournable du monde du toilettage. Plus de d\u00e9tails [&hellip;]<\/p>\n","protected":false},"author":1,"featured_media":0,"parent":0,"menu_order":0,"comment_status":"closed","ping_status":"closed","template":"no-title","meta":{"_acf_changed":false,"nf_dc_page":"home","om_disable_all_campaigns":false,"_monsterinsights_skip_tracking":false,"_monsterinsights_sitenote_active":false,"_monsterinsights_sitenote_note":"","_monsterinsights_sitenote_category":0,"footnotes":""},"class_list":["post-7","page","type-page","status-publish","hentry"],"acf":[],"aioseo_notices":[],"jetpack_sharing_enabled":true,"_links":{"self":[{"href":"https:\/\/evenementcaninatq.com\/en\/wp-json\/wp\/v2\/pages\/7","targetHints":{"allow":["GET"]}}],"collection":[{"href":"https:\/\/evenementcaninatq.com\/en\/wp-json\/wp\/v2\/pages"}],"about":[{"href":"https:\/\/evenementcaninatq.com\/en\/wp-json\/wp\/v2\/types\/page"}],"author":[{"embeddable":true,"href":"https:\/\/evenementcaninatq.com\/en\/wp-json\/wp\/v2\/users\/1"}],"replies":[{"embeddable":true,"href":"https:\/\/evenementcaninatq.com\/en\/wp-json\/wp\/v2\/comments?post=7"}],"version-history":[{"count":5,"href":"https:\/\/evenementcaninatq.com\/en\/wp-json\/wp\/v2\/pages\/7\/revisions"}],"predecessor-version":[{"id":744,"href":"https:\/\/evenementcaninatq.com\/en\/wp-json\/wp\/v2\/pages\/7\/revisions\/744"}],"wp:attachment":[{"href":"https:\/\/evenementcaninatq.com\/en\/wp-json\/wp\/v2\/media?parent=7"}],"curies":[{"name":"wp","href":"https:\/\/api.w.org\/{rel}","templated":true}]}}