{"id":65,"date":"2025-02-11T02:19:59","date_gmt":"2025-02-11T02:19:59","guid":{"rendered":"https:\/\/evenementcaninatq.com\/?post_type=product&#038;p=65"},"modified":"2026-04-16T18:47:25","modified_gmt":"2026-04-16T18:47:25","slug":"nancy","status":"publish","type":"product","link":"https:\/\/evenementcaninatq.com\/en\/product\/nancy\/","title":{"rendered":"Nancy Bryson"},"content":{"rendered":"<h2>Biography:<\/h2>\n<h3><strong>Translated from English to French<\/strong><\/h3>\n<p>Nancy has been grooming since 1974. She ran a successful salon in Caledon East Ontario, \u201c Dogs by Bryson \u201c from 1984 to 2024 , and had a grooming school \u201cBryson Academy of grooming \u201cfor 15 years. She is a founding member and past president three times of Ontario Dog Groomers Association .She was past president of Groom Team Canada, and on the board of directors for Border Terrier Club of Ontario. Nancy was undefeated in Sporting, Terrier and Creative grooming competitions in the mid 1980s through to the early 1990s. She then retired in competition to judge. Nancy has mentored many groomers that are now the tops on the world stage . Nancy has done work for major magazines, TV and Disney .Nancy still judges, gives seminars , coaches, workshops and mentors groomers in skill advancement. She is also involved in product development with companies . Nancy is a grooming, ambassador for Wahl Canada and X Power Canada. Nancy is committed to helping make the industry better than when she started.<\/p>\n<h2><strong>Description of the Seminar:<\/strong><\/h2>\n<h3>Atelier pratique de ciseaux \u2013 T\u00eates de model dog avec Nancy Bryson<\/h3>\n<h3>Cet atelier pratique est ax\u00e9 sur les techniques de ciseaux appliqu\u00e9es aux t\u00eates de model dog. Les participants pourront d\u00e9velopper leur pr\u00e9cision, leur contr\u00f4le et leurs techniques de finition, sp\u00e9cifiquement pour le travail de t\u00eate. Nancy Bryson, reconnue pour sa passion et son approche dynamique, vous guidera \u00e0 travers les bonnes techniques de ciseaux afin d\u2019obtenir des lignes nettes, un bel \u00e9quilibre et des finitions soign\u00e9es.<\/h3>","protected":false},"excerpt":{"rendered":"<p>Biographie : Traduit de\u00a0 l&#8217;Anglais au\u00a0Fran\u00e7ais Nancy pratique le toilettage depuis 1974. Elle a dirig\u00e9 un salon prosp\u00e8re \u00e0 Caledon Est, en Ontario, \u00ab\u00a0Dogs by Bryson\u00a0\u00bb, de 1984 \u00e0 2024, et a dirig\u00e9 une \u00e9cole de toilettage, la \u00ab\u00a0Bryson Academy of Grooming\u00a0\u00bb, pendant 15 ans. Membre fondatrice et ancienne pr\u00e9sidente \u00e0 trois reprises de l&#8217;Ontario [&hellip;]<\/p>\n","protected":false},"featured_media":212,"template":"","meta":{"_acf_changed":false,"nf_dc_page":"","om_disable_all_campaigns":false,"_monsterinsights_skip_tracking":false,"_monsterinsights_sitenote_active":false,"_monsterinsights_sitenote_note":"","_monsterinsights_sitenote_category":0},"product_brand":[],"product_cat":[24],"product_tag":[],"class_list":{"0":"post-65","1":"product","2":"type-product","3":"status-publish","4":"has-post-thumbnail","6":"product_cat-seminaires","8":"first","9":"instock","10":"shipping-taxable","11":"purchasable","12":"product-type-simple"},"acf":[],"aioseo_notices":[],"jetpack_sharing_enabled":true,"_links":{"self":[{"href":"https:\/\/evenementcaninatq.com\/en\/wp-json\/wp\/v2\/product\/65","targetHints":{"allow":["GET"]}}],"collection":[{"href":"https:\/\/evenementcaninatq.com\/en\/wp-json\/wp\/v2\/product"}],"about":[{"href":"https:\/\/evenementcaninatq.com\/en\/wp-json\/wp\/v2\/types\/product"}],"wp:featuredmedia":[{"embeddable":true,"href":"https:\/\/evenementcaninatq.com\/en\/wp-json\/wp\/v2\/media\/212"}],"wp:attachment":[{"href":"https:\/\/evenementcaninatq.com\/en\/wp-json\/wp\/v2\/media?parent=65"}],"wp:term":[{"taxonomy":"product_brand","embeddable":true,"href":"https:\/\/evenementcaninatq.com\/en\/wp-json\/wp\/v2\/product_brand?post=65"},{"taxonomy":"product_cat","embeddable":true,"href":"https:\/\/evenementcaninatq.com\/en\/wp-json\/wp\/v2\/product_cat?post=65"},{"taxonomy":"product_tag","embeddable":true,"href":"https:\/\/evenementcaninatq.com\/en\/wp-json\/wp\/v2\/product_tag?post=65"}],"curies":[{"name":"wp","href":"https:\/\/api.w.org\/{rel}","templated":true}]}}