{"id":67,"date":"2025-02-11T02:20:39","date_gmt":"2025-02-11T02:20:39","guid":{"rendered":"https:\/\/evenementcaninatq.com\/?post_type=product&#038;p=67"},"modified":"2026-04-05T18:01:40","modified_gmt":"2026-04-05T18:01:40","slug":"vincent","status":"publish","type":"product","link":"https:\/\/evenementcaninatq.com\/en\/product\/vincent\/","title":{"rendered":"Scott Wasserman"},"content":{"rendered":"<h2><\/h2>\n<h2>Biography:<\/h2>\n<p>Scott Wasserman, ISCC PDS, MPS, titulaire d&#8217;une licence et certificateur, est affectueusement surnomm\u00e9 Monsieur Terrier. Il est devenu l&#8217;un des plus grands experts en \u00e9pilation manuelle des terriers. Sa passion pour les animaux de compagnie allie son expertise en toilettage \u00e0 son exp\u00e9rience des expositions canines.<\/p>\n<p>Depuis 1992, Scott participe \u00e0 des concours de toilettage canin et a remport\u00e9 de nombreux prix, dont celui de Meilleur Toiletteur Canin \u00e0 l&#8217;U.S. Pet Pro Classic \u00e0 deux reprises, le prestigieux prix Intergroom International de Toiletteur de l&#8217;Ann\u00e9e et a \u00e9t\u00e9 membre de GroomTeam USA.<\/p>\n<p>Scott est un juge international reconnu, voyageant dans les plus grandes destinations d&#8217;expositions canines en Angleterre, en Italie, au Br\u00e9sil, en \u00c9cosse, en France, en Argentine, au Japon, en Chine, en Tha\u00eflande, \u00e0 Singapour, en Gr\u00e8ce, en Australie et au Canada. Il a \u00e9t\u00e9 nomin\u00e9 \u00e0 plusieurs reprises aux Cardinal Crystal Achievement Awards, remportant le prix de la Sympathie en 2001 et celui de Juge de l&#8217;Ann\u00e9e en 2014. Il a \u00e9galement re\u00e7u les Barkleigh Honors du Conf\u00e9rencier de l&#8217;Ann\u00e9e et du Livre de l&#8217;Ann\u00e9e. Scott participe \u00e9galement \u00e0 des expositions canines en tant qu&#8217;\u00e9leveur de Kerry Blue Terriers sous l&#8217;affixe Kiluntin.<\/p>\n<h3><strong>\u00a0Le s\u00e9minaire est en anglais traduit en francais\u00a0<\/strong><\/h3>\n<h2>Description of the Seminar:<\/h2>\n<div class=\"html-div xdj266r x11i5rnm xat24cr x1mh8g0r xexx8yu x4uap5 x18d9i69 xkhd6sd x78zum5 x1eb86dx\">\n<div class=\"html-div xdj266r x11i5rnm xat24cr x1mh8g0r xexx8yu x4uap5 x18d9i69 xkhd6sd xeuugli x1vjfegm\">\n<div class=\"html-div xdj266r x11i5rnm xat24cr x1mh8g0r xexx8yu x4uap5 x18d9i69 xkhd6sd x1h91t0o xkh2ocl x78zum5 xdt5ytf x13a6bvl x193iq5w x1c4vz4f x1eb86dx\" role=\"presentation\"><\/div>\n<\/div>\n<div class=\"html-div xdj266r x11i5rnm xat24cr x1mh8g0r xexx8yu x4uap5 x1eb86dx x78zum5 x1c4vz4f x2lah0s x18061mc xjz4gdx\">\n<div class=\"html-div xdj266r x11i5rnm xat24cr x1mh8g0r xexx8yu x4uap5 x18d9i69 xkhd6sd x78zum5 xamitd3\">\n<div class=\"html-div xdj266r x11i5rnm xat24cr x1mh8g0r xexx8yu x4uap5 x18d9i69 x78zum5 xdt5ytf x1iyjqo2 x2lah0s xl56j7k x1n2onr6 x1mqs8db x1n327nk x1t2a60a\" aria-hidden=\"true\">\n<div class=\"html-div xdj266r x11i5rnm xat24cr x1mh8g0r xexx8yu x4uap5 x18d9i69 xkhd6sd x6s0dn4 xl5lk40 x78zum5 x1mqs8db x1q0g3np\" role=\"presentation\">\n<div class=\"html-div xdj266r x11i5rnm xat24cr x1mh8g0r xexx8yu x4uap5 x18d9i69 xkhd6sd x6s0dn4 xl5lk40 x78zum5 x1mqs8db x1q0g3np\" role=\"presentation\">\n<div class=\"html-div xdj266r x11i5rnm xat24cr x1mh8g0r xexx8yu x4uap5 x18d9i69 xkhd6sd\" aria-hidden=\"false\">\n<div class=\"x9f619 x1n2onr6 x1ja2u2z __fb-light-mode\">\n<div class=\"x1i10hfl x1ejq31n xd10rxx x1sy0etr x17r0tee x9f619 x1ypdohk xe8uvvx xdj266r x11i5rnm xat24cr x1mh8g0r x16tdsg8 x1hl2dhg xggy1nq x87ps6o x1lku1pv x1a2a7pz x6s0dn4 x1z11no5 xjy5m1g x1mnwbp6 x4pb5v6 x972fbf xcfux6l x1qhh985 xm0m39n x78zum5 xl56j7k xexx8yu x4uap5 x18d9i69 xkhd6sd x1n2onr6 x1fgtraw xgd8bvy xjbqb8w\" tabindex=\"0\" role=\"button\" aria-expanded=\"false\" aria-haspopup=\"menu\" aria-label=\"R\u00e9agir\">\n<div class=\"x9f619 x1n2onr6 x1ja2u2z __fb-light-mode xt0psk2\">\n<div class=\"html-div xdj266r x11i5rnm xat24cr x1mh8g0r xexx8yu x4uap5 x18d9i69 xkhd6sd xeuugli x1vjfegm\">\n<div class=\"html-div xdj266r x11i5rnm xat24cr x1mh8g0r xexx8yu x4uap5 x18d9i69 xkhd6sd x1h91t0o xkh2ocl x78zum5 xdt5ytf x13a6bvl x193iq5w x1c4vz4f x1eb86dx\" role=\"presentation\">\n<div class=\"html-div xdj266r x11i5rnm xat24cr x1mh8g0r xexx8yu x4uap5 x18d9i69 xkhd6sd\"><\/div>\n<\/div>\n<\/div>\n<div class=\"html-div xdj266r x11i5rnm xat24cr x1mh8g0r xexx8yu x4uap5 x1eb86dx x78zum5 x1c4vz4f x2lah0s x18061mc xjz4gdx\">\n<div class=\"html-div xdj266r x11i5rnm xat24cr x1mh8g0r xexx8yu x4uap5 x18d9i69 xkhd6sd x78zum5 xamitd3\">\n<div class=\"html-div xdj266r x11i5rnm xat24cr x1mh8g0r xexx8yu x4uap5 x18d9i69 x78zum5 xdt5ytf x1iyjqo2 x2lah0s xl56j7k x1n2onr6 x1mqs8db x1n327nk x1t2a60a\" aria-hidden=\"true\">\n<div class=\"html-div xdj266r x11i5rnm xat24cr x1mh8g0r xexx8yu x4uap5 x18d9i69 xkhd6sd x6s0dn4 xl5lk40 x78zum5 x1mqs8db x1q0g3np\" role=\"presentation\">\n<div class=\"html-div xdj266r x11i5rnm xat24cr x1mh8g0r xexx8yu x4uap5 x18d9i69 xkhd6sd x6s0dn4 xl5lk40 x78zum5 x1mqs8db x1q0g3np\" role=\"presentation\">\n<div class=\"html-div xdj266r x11i5rnm xat24cr x1mh8g0r xexx8yu x4uap5 x18d9i69 xkhd6sd\" aria-hidden=\"false\">\n<div class=\"x9f619 x1n2onr6 x1ja2u2z __fb-light-mode\">\n<div class=\"x1i10hfl x1ejq31n xd10rxx x1sy0etr x17r0tee x9f619 x1ypdohk xe8uvvx xdj266r x11i5rnm xat24cr x1mh8g0r x16tdsg8 x1hl2dhg xggy1nq x87ps6o x1lku1pv x1a2a7pz x6s0dn4 x1z11no5 xjy5m1g x1mnwbp6 x4pb5v6 x972fbf xcfux6l x1qhh985 xm0m39n x78zum5 xl56j7k xexx8yu x4uap5 x18d9i69 xkhd6sd x1n2onr6 x1fgtraw xgd8bvy xjbqb8w\" tabindex=\"0\" role=\"button\" aria-expanded=\"false\" aria-haspopup=\"menu\" aria-label=\"R\u00e9agir\">\n<div class=\"x9f619 x1n2onr6 x1ja2u2z __fb-light-mode xt0psk2\">S\u00e9minaire de toilettage \u2013 Groupe Sporting \u2013 Scott Wasserman<\/div>\n<div><\/div>\n<\/div>\n<\/div>\n<\/div>\n<\/div>\n<\/div>\n<\/div>\n<\/div>\n<\/div>\n<p>Ce s\u00e9minaire porte sur les techniques de toilettage des chiens du groupe sportif, en mettant l\u2019accent sur l\u2019am\u00e9lioration de la qualit\u00e9 du poil et la mise en valeur de la structure naturelle du chien. Les participants apprendront comment un bon toilettage peut am\u00e9liorer la texture, l\u2019\u00e9quilibre et la pr\u00e9sentation globale, tout en respectant les standards de race. Scott pr\u00e9sentera diff\u00e9rentes techniques permettant de mettre en valeur chaque chien, incluant la gestion du poil, le travail aux ciseaux et les finitions propres aux races du groupe sportif. Une excellente occasion de perfectionner vos comp\u00e9tences et de mieux comprendre comment le toilettage peut sublimer l\u2019apparence et la structure des chiens du groupe sporting.<\/p>\n<\/div>\n<div class=\"x1ey2m1c xds687c x17qophe xg01cxk x47corl x10l6tqk x13vifvy x1ebt8du x19991ni x1dhq9h xzolkzo x12go9s9 x1rnf11y xprq8jg\" role=\"none\" data-visualcompletion=\"ignore\"><\/div>\n<\/div>\n<\/div>\n<\/div>\n<div class=\"html-div xdj266r x11i5rnm xat24cr x1mh8g0r xexx8yu x4uap5 x18d9i69 xkhd6sd\" aria-hidden=\"false\">\n<div class=\"x9f619 x1n2onr6 x1ja2u2z __fb-light-mode\">\n<div class=\"x1i10hfl x1ejq31n xd10rxx x1sy0etr x17r0tee x9f619 x1ypdohk xe8uvvx xdj266r x11i5rnm xat24cr x1mh8g0r x16tdsg8 x1hl2dhg xggy1nq x87ps6o x1lku1pv x1a2a7pz x6s0dn4 x1z11no5 xjy5m1g x1mnwbp6 x4pb5v6 x972fbf xcfux6l x1qhh985 xm0m39n x78zum5 xl56j7k xexx8yu x4uap5 x18d9i69 xkhd6sd x1n2onr6 x1fgtraw xgd8bvy xjbqb8w\" tabindex=\"0\" role=\"button\" aria-label=\"R\u00e9pondre\">\n<div class=\"x9f619 x1n2onr6 x1ja2u2z __fb-light-mode xt0psk2\"><\/div>\n<div class=\"x1ey2m1c xds687c x17qophe xg01cxk x47corl x10l6tqk x13vifvy x1ebt8du x19991ni x1dhq9h xzolkzo x12go9s9 x1rnf11y xprq8jg\" role=\"none\" data-visualcompletion=\"ignore\">Scott Wasserman<\/div>\n<div role=\"none\" data-visualcompletion=\"ignore\"><\/div>\n<div class=\"x1ey2m1c xds687c x17qophe xg01cxk x47corl x10l6tqk x13vifvy x1ebt8du x19991ni x1dhq9h xzolkzo x12go9s9 x1rnf11y xprq8jg\" role=\"none\" data-visualcompletion=\"ignore\">Structure : S\u00e9minaire ax\u00e9 sur la structure appliqu\u00e9e au caniche. Scott Wasserman vous guidera \u00e0 travers les bases essentielles de l\u2019anatomie, la compr\u00e9hension des lignes et de l\u2019\u00e9quilibre, ainsi que les techniques de toilettage adapt\u00e9es pour mettre en valeur la structure du chien. Une formation enrichissante pour perfectionner votre \u0153il et votre pr\u00e9cision en coupe.<\/div>\n<\/div>\n<\/div>\n<\/div>\n<div class=\"html-div xdj266r x11i5rnm xat24cr x1mh8g0r xexx8yu x4uap5 x18d9i69 xkhd6sd\" aria-hidden=\"false\">\n<div class=\"x9f619 x1n2onr6 x1ja2u2z __fb-light-mode\">\n<div class=\"x1i10hfl x1ejq31n xd10rxx x1sy0etr x17r0tee x9f619 x1ypdohk xe8uvvx xdj266r x11i5rnm xat24cr x1mh8g0r x16tdsg8 x1hl2dhg xggy1nq x87ps6o x1lku1pv x1a2a7pz x6s0dn4 x1z11no5 xjy5m1g x1mnwbp6 x4pb5v6 x972fbf xcfux6l x1qhh985 xm0m39n x78zum5 xl56j7k xexx8yu x4uap5 x18d9i69 xkhd6sd x1n2onr6 x1fgtraw xgd8bvy xjbqb8w\" tabindex=\"0\" role=\"button\" aria-expanded=\"false\" aria-haspopup=\"menu\" aria-label=\"Plus\">\n<div class=\"x9f619 x1n2onr6 x1ja2u2z __fb-light-mode xt0psk2\"><\/div>\n<div class=\"x1ey2m1c xds687c x17qophe xg01cxk x47corl x10l6tqk x13vifvy x1ebt8du x19991ni x1dhq9h xzolkzo x12go9s9 x1rnf11y xprq8jg\" role=\"none\" data-visualcompletion=\"ignore\"><\/div>\n<\/div>\n<\/div>\n<\/div>\n<\/div>\n<\/div>\n<\/div>\n<\/div>\n<\/div>\n<div class=\"html-div xdj266r x11i5rnm xat24cr x1mh8g0r xexx8yu x4uap5 x18d9i69 xkhd6sd x1eb86dx x1r8uery x1iyjqo2\"><\/div>\n<\/div>\n<div class=\"html-div xdj266r x11i5rnm xat24cr x1mh8g0r xexx8yu x4uap5 x18d9i69 xkhd6sd x78zum5 x13a6bvl x1eb86dx\">\n<div class=\"html-div x1mh8g0r xexx8yu x4uap5 x18d9i69 xkhd6sd x1jfb8zj x12nagc xpdqn1h x1gslohp\"><\/div>\n<\/div>","protected":false},"excerpt":{"rendered":"<p>Biographie : Scott Wasserman, ISCC PDS, MPS, titulaire d&#8217;une licence et certificateur, est affectueusement surnomm\u00e9 Monsieur Terrier. Il est devenu l&#8217;un des plus grands experts en \u00e9pilation manuelle des terriers. Sa passion pour les animaux de compagnie allie son expertise en toilettage \u00e0 son exp\u00e9rience des expositions canines. Depuis 1992, Scott participe \u00e0 des concours [&hellip;]<\/p>\n","protected":false},"featured_media":667,"template":"","meta":{"_acf_changed":false,"nf_dc_page":"","om_disable_all_campaigns":false,"_monsterinsights_skip_tracking":false,"_monsterinsights_sitenote_active":false,"_monsterinsights_sitenote_note":"","_monsterinsights_sitenote_category":0},"product_brand":[],"product_cat":[24],"product_tag":[],"class_list":{"0":"post-67","1":"product","2":"type-product","3":"status-publish","4":"has-post-thumbnail","6":"product_cat-seminaires","8":"first","9":"instock","10":"shipping-taxable","11":"product-type-grouped"},"acf":[],"aioseo_notices":[],"jetpack_sharing_enabled":true,"_links":{"self":[{"href":"https:\/\/evenementcaninatq.com\/en\/wp-json\/wp\/v2\/product\/67","targetHints":{"allow":["GET"]}}],"collection":[{"href":"https:\/\/evenementcaninatq.com\/en\/wp-json\/wp\/v2\/product"}],"about":[{"href":"https:\/\/evenementcaninatq.com\/en\/wp-json\/wp\/v2\/types\/product"}],"wp:featuredmedia":[{"embeddable":true,"href":"https:\/\/evenementcaninatq.com\/en\/wp-json\/wp\/v2\/media\/667"}],"wp:attachment":[{"href":"https:\/\/evenementcaninatq.com\/en\/wp-json\/wp\/v2\/media?parent=67"}],"wp:term":[{"taxonomy":"product_brand","embeddable":true,"href":"https:\/\/evenementcaninatq.com\/en\/wp-json\/wp\/v2\/product_brand?post=67"},{"taxonomy":"product_cat","embeddable":true,"href":"https:\/\/evenementcaninatq.com\/en\/wp-json\/wp\/v2\/product_cat?post=67"},{"taxonomy":"product_tag","embeddable":true,"href":"https:\/\/evenementcaninatq.com\/en\/wp-json\/wp\/v2\/product_tag?post=67"}],"curies":[{"name":"wp","href":"https:\/\/api.w.org\/{rel}","templated":true}]}}