{"id":700,"date":"2026-04-05T17:46:31","date_gmt":"2026-04-05T17:46:31","guid":{"rendered":"https:\/\/evenementcaninatq.com\/?post_type=product&#038;p=700"},"modified":"2026-04-16T19:15:45","modified_gmt":"2026-04-16T19:15:45","slug":"wynne-wong","status":"publish","type":"product","link":"https:\/\/evenementcaninatq.com\/en\/product\/wynne-wong\/","title":{"rendered":"Wynne Wong"},"content":{"rendered":"<h3>Traduit en Fran\u00e7ais<\/h3>\n<p>&nbsp;<\/p>\n<p>Wynne Wong pr\u00e9sente \u00ab La t\u00eate Teddy Bear \u00bb Joignez-vous \u00e0 la toiletteuse et formatrice renomm\u00e9e Wynne Wong pour un s\u00e9minaire pratique de 1 h 30 consacr\u00e9 \u00e0 la cr\u00e9ation de la classique \u00ab t\u00eate Teddy Bear \u00bb, un style doux et \u00e9quilibr\u00e9 tr\u00e8s appr\u00e9ci\u00e9 des propri\u00e9taires d\u2019animaux et des toiletteurs. Wynne fera la d\u00e9monstration des techniques cl\u00e9s pour obtenir une forme arrondie, une bonne sym\u00e9trie et des transitions harmonieuses, en mettant l\u2019accent sur des m\u00e9thodes pratiques adapt\u00e9es au travail en salon. Une t\u00eate de chien mod\u00e8le est incluse avec votre inscription au s\u00e9minaire, permettant aux participants de suivre et de s\u2019exercer en temps r\u00e9el. Parfait pour les toiletteurs souhaitant perfectionner leurs finitions et am\u00e9liorer la qualit\u00e9 de leurs coupes quotidiennes.<\/p>\n<p>Wynne Wong pr\u00e9sente \u00ab\u00a0Les fondamentaux de la coupe aux ciseaux\u00a0: ma\u00eetrise, forme et finition\u00a0\u00bb<\/p>\n<p>Ce cours pratique de 2\u00a0heures, anim\u00e9 par Wynne Wong, est ax\u00e9 sur le d\u00e9veloppement de la pr\u00e9cision, de la ma\u00eetrise et de la confiance gr\u00e2ce \u00e0 des techniques concr\u00e8tes. \u00c0 l\u2019aide d\u2019une patte de chien factice fournie avec votre billet, les participants travailleront \u00e9tape par \u00e9tape pour perfectionner leur maniement des ciseaux, le trac\u00e9 des lignes et l\u2019obtention de finitions lisses et \u00e9quilibr\u00e9es.<\/p>\n<p>Wynne analysera la biom\u00e9canique, le choix des ciseaux et les mouvements afin d\u2019aider les toiletteurs \u00e0 obtenir des r\u00e9sultats plus nets et plus efficaces. L\u2019accent est mis sur des techniques reproductibles et directement applicables en salon, pour une pratique quotidienne optimale.<\/p>\n<p>Ce cours est id\u00e9al pour les toiletteurs souhaitant perfectionner leur technique de coupe aux ciseaux, am\u00e9liorer la qualit\u00e9 de leurs finitions et gagner en assurance.<\/p>\n<pre class=\"tw-data-text tw-text-large tw-ta\" dir=\"ltr\" tabindex=\"-1\" role=\"text\" data-placeholder=\"Traduction\" data-ved=\"2ahUKEwiEvffqxN6TAxUwEVkFHadOCLkQ3ewLegQIDBAV\" aria-label=\"Texte traduit\u00a0: Wynne Wong pr\u00e9sente \u00ab\u00a0Les fondamentaux de la coupe aux ciseaux\u00a0: ma\u00eetrise, forme et finition\u00a0\u00bb Ce cours pratique de 2\u00a0heures, anim\u00e9 par Wynne Wong, est ax\u00e9 sur le d\u00e9veloppement de la pr\u00e9cision, de la ma\u00eetrise et de la confiance gr\u00e2ce \u00e0 des techniques concr\u00e8tes. \u00c0 l\u2019aide d\u2019une patte de chien factice fournie avec votre billet, les participants travailleront \u00e9tape par \u00e9tape pour perfectionner leur maniement des ciseaux, le trac\u00e9 des lignes et l\u2019obtention de finitions lisses et \u00e9quilibr\u00e9es. Wynne analysera la biom\u00e9canique, le choix des ciseaux et les mouvements afin d\u2019aider les toiletteurs \u00e0 obtenir des r\u00e9sultats plus nets et plus efficaces. L\u2019accent est mis sur des techniques reproductibles et directement applicables en salon, pour une pratique quotidienne optimale. Ce cours est id\u00e9al pour les toiletteurs souhaitant perfectionner leur technique de coupe aux ciseaux, am\u00e9liorer la qualit\u00e9 de leurs finitions et gagner en assurance.\"><\/pre>\n<h3><\/h3>","protected":false},"excerpt":{"rendered":"<p>Traduit en Fran\u00e7ais &nbsp; Wynne Wong pr\u00e9sente \u00ab La t\u00eate Teddy Bear \u00bb Joignez-vous \u00e0 la toiletteuse et formatrice renomm\u00e9e Wynne Wong pour un s\u00e9minaire pratique de 1 h 30 consacr\u00e9 \u00e0 la cr\u00e9ation de la classique \u00ab t\u00eate Teddy Bear \u00bb, un style doux et \u00e9quilibr\u00e9 tr\u00e8s appr\u00e9ci\u00e9 des propri\u00e9taires d\u2019animaux et des toiletteurs. [&hellip;]<\/p>\n","protected":false},"featured_media":710,"template":"","meta":{"_acf_changed":false,"nf_dc_page":"","om_disable_all_campaigns":false,"_monsterinsights_skip_tracking":false,"_monsterinsights_sitenote_active":false,"_monsterinsights_sitenote_note":"","_monsterinsights_sitenote_category":0},"product_brand":[],"product_cat":[24],"product_tag":[],"class_list":{"0":"post-700","1":"product","2":"type-product","3":"status-publish","4":"has-post-thumbnail","6":"product_cat-seminaires","8":"first","9":"instock","10":"shipping-taxable","11":"product-type-grouped"},"acf":[],"aioseo_notices":[],"jetpack_sharing_enabled":true,"_links":{"self":[{"href":"https:\/\/evenementcaninatq.com\/en\/wp-json\/wp\/v2\/product\/700","targetHints":{"allow":["GET"]}}],"collection":[{"href":"https:\/\/evenementcaninatq.com\/en\/wp-json\/wp\/v2\/product"}],"about":[{"href":"https:\/\/evenementcaninatq.com\/en\/wp-json\/wp\/v2\/types\/product"}],"wp:featuredmedia":[{"embeddable":true,"href":"https:\/\/evenementcaninatq.com\/en\/wp-json\/wp\/v2\/media\/710"}],"wp:attachment":[{"href":"https:\/\/evenementcaninatq.com\/en\/wp-json\/wp\/v2\/media?parent=700"}],"wp:term":[{"taxonomy":"product_brand","embeddable":true,"href":"https:\/\/evenementcaninatq.com\/en\/wp-json\/wp\/v2\/product_brand?post=700"},{"taxonomy":"product_cat","embeddable":true,"href":"https:\/\/evenementcaninatq.com\/en\/wp-json\/wp\/v2\/product_cat?post=700"},{"taxonomy":"product_tag","embeddable":true,"href":"https:\/\/evenementcaninatq.com\/en\/wp-json\/wp\/v2\/product_tag?post=700"}],"curies":[{"name":"wp","href":"https:\/\/api.w.org\/{rel}","templated":true}]}}