{"id":705,"date":"2026-04-05T18:14:14","date_gmt":"2026-04-05T18:14:14","guid":{"rendered":"https:\/\/evenementcaninatq.com\/?post_type=product&#038;p=705"},"modified":"2026-04-16T19:13:50","modified_gmt":"2026-04-16T19:13:50","slug":"sandra-orford","status":"publish","type":"product","link":"https:\/\/evenementcaninatq.com\/en\/product\/sandra-orford\/","title":{"rendered":"Sandra Orford"},"content":{"rendered":"<h3>Traduit en Fran\u00e7ais<\/h3>\n<p>&nbsp;<\/p>\n<p>Sandy Orford, CMG<\/p>\n<p>L\u2019histoire de Sandy Orford avec les chiens a commenc\u00e9 en 1972 lorsqu\u2019elle a acquis son premier chien d\u2019exposition, un Pom\u00e9ranien. Elle a ensuite pass\u00e9 sept ans aux c\u00f4t\u00e9s d\u2019un pr\u00e9sentateur canin professionnel de renom, acqu\u00e9rant une vaste exp\u00e9rience en toilettage et en pr\u00e9sentation de chiens \u00e0 travers le Canada.<\/p>\n<p>En 1984, Sandy a fond\u00e9 Classy Clips Inc., un salon de toilettage qu\u2019elle dirige encore aujourd\u2019hui. Forte d\u2019une carri\u00e8re de plus de 34 ans comme pr\u00e9sentatrice canine professionnelle, elle s\u2019est sp\u00e9cialis\u00e9e dans les races \u00e0 poil long et a men\u00e9 avec succ\u00e8s de nombreux champions canadiens et am\u00e9ricains au titre de champions.<\/p>\n<p>Sandy a poss\u00e9d\u00e9, co-poss\u00e9d\u00e9 et \u00e9lev\u00e9 plus de dix races, dont des Caniches, des Pom\u00e9raniens, des Airedales, des Bedlington Terriers, des Setters irlandais, des Shih Tzus, des Griffons bruxellois, des Bichons fris\u00e9s, des Lakeland Terriers et des Lagotto Romagnolos. Depuis 30 ans, elle se consacre \u00e0 l&#8217;\u00e9levage et \u00e0 la pr\u00e9sentation de Shih Tzus.<\/p>\n<p>Elle a commenc\u00e9 \u00e0 participer \u00e0 des concours de toilettage dans les ann\u00e9es 1990 et a \u00e9t\u00e9 reconnue comme la meilleure toiletteuse du Canada de 2006 \u00e0 2008. Sandy a \u00e9galement \u00e9t\u00e9 membre de l&#8217;\u00e9quipe canadienne de toilettage pendant 12 ans, remportant une m\u00e9daille d&#8217;argent dans la cat\u00e9gorie Chiens de chasse. Elle a remport\u00e9 de nombreux prix de Meilleur de l&#8217;exposition et de Meilleure toiletteuse polyvalente, et a offici\u00e9 comme juge dans de nombreux concours de toilettage.<\/p>\n<p>De plus, Sandy est juge de conformation agr\u00e9\u00e9e du Club Canin Canadien (CCC) pour cinq groupes et est actuellement en cours d&#8217;agr\u00e9ment pour un sixi\u00e8me. Son d\u00e9vouement envers la communaut\u00e9 canine d\u00e9passe le cadre des expositions canines : elle participe activement \u00e0 la collecte de fonds pour les clubs et refuges canins, soutient les jeunes pr\u00e9sentateurs, participe \u00e0 des foires aux animaux de compagnie et est membre du Club Canin de Fort Garry. Elle est \u00e9galement passionn\u00e9e par le mentorat, tant en toilettage commercial qu&#8217;en pr\u00e9sentation de chiens d&#8217;exposition.<\/p>\n<h3><\/h3>","protected":false},"excerpt":{"rendered":"<p>Traduit en Fran\u00e7ais &nbsp; Sandy Orford, CMG L\u2019histoire de Sandy Orford avec les chiens a commenc\u00e9 en 1972 lorsqu\u2019elle a acquis son premier chien d\u2019exposition, un Pom\u00e9ranien. Elle a ensuite pass\u00e9 sept ans aux c\u00f4t\u00e9s d\u2019un pr\u00e9sentateur canin professionnel de renom, acqu\u00e9rant une vaste exp\u00e9rience en toilettage et en pr\u00e9sentation de chiens \u00e0 travers le [&hellip;]<\/p>\n","protected":false},"featured_media":737,"template":"","meta":{"_acf_changed":false,"nf_dc_page":"","om_disable_all_campaigns":false,"_monsterinsights_skip_tracking":false,"_monsterinsights_sitenote_active":false,"_monsterinsights_sitenote_note":"","_monsterinsights_sitenote_category":0},"product_brand":[],"product_cat":[24],"product_tag":[],"class_list":{"0":"post-705","1":"product","2":"type-product","3":"status-publish","4":"has-post-thumbnail","6":"product_cat-seminaires","8":"first","9":"instock","10":"shipping-taxable","11":"purchasable","12":"product-type-simple"},"acf":[],"aioseo_notices":[],"jetpack_sharing_enabled":true,"_links":{"self":[{"href":"https:\/\/evenementcaninatq.com\/en\/wp-json\/wp\/v2\/product\/705","targetHints":{"allow":["GET"]}}],"collection":[{"href":"https:\/\/evenementcaninatq.com\/en\/wp-json\/wp\/v2\/product"}],"about":[{"href":"https:\/\/evenementcaninatq.com\/en\/wp-json\/wp\/v2\/types\/product"}],"wp:featuredmedia":[{"embeddable":true,"href":"https:\/\/evenementcaninatq.com\/en\/wp-json\/wp\/v2\/media\/737"}],"wp:attachment":[{"href":"https:\/\/evenementcaninatq.com\/en\/wp-json\/wp\/v2\/media?parent=705"}],"wp:term":[{"taxonomy":"product_brand","embeddable":true,"href":"https:\/\/evenementcaninatq.com\/en\/wp-json\/wp\/v2\/product_brand?post=705"},{"taxonomy":"product_cat","embeddable":true,"href":"https:\/\/evenementcaninatq.com\/en\/wp-json\/wp\/v2\/product_cat?post=705"},{"taxonomy":"product_tag","embeddable":true,"href":"https:\/\/evenementcaninatq.com\/en\/wp-json\/wp\/v2\/product_tag?post=705"}],"curies":[{"name":"wp","href":"https:\/\/api.w.org\/{rel}","templated":true}]}}