{"id":706,"date":"2026-04-05T18:16:57","date_gmt":"2026-04-05T18:16:57","guid":{"rendered":"https:\/\/evenementcaninatq.com\/?post_type=product&#038;p=706"},"modified":"2026-04-16T18:48:10","modified_gmt":"2026-04-16T18:48:10","slug":"amvq-pour-les-petits-animaux","status":"publish","type":"product","link":"https:\/\/evenementcaninatq.com\/en\/product\/amvq-pour-les-petits-animaux\/","title":{"rendered":"AMVQ pour les petits animaux"},"content":{"rendered":"<p>S\u00e9minaire de Dre St\u00e9phanie Boisclair. Les sujets abord\u00e9s seront La dermatite chez l\u2019animal de compagnie, l\u2019otite externe canine, les allergies et atopie (manifestations cutan\u00e9es) et le r\u00f4le des toiletteurs et toiletteuses dans la prise en charge du tartre, de la gingivite et de l\u2019halitose chez le chien et le chat.<\/p>","protected":false},"excerpt":{"rendered":"<p>S\u00e9minaire de Dre St\u00e9phanie Boisclair. Les sujets abord\u00e9s seront La dermatite chez l\u2019animal de compagnie, l\u2019otite externe canine, les allergies et atopie (manifestations cutan\u00e9es) et le r\u00f4le des toiletteurs et toiletteuses dans la prise en charge du tartre, de la gingivite et de l\u2019halitose chez le chien et le chat.<\/p>","protected":false},"featured_media":714,"template":"","meta":{"_acf_changed":false,"nf_dc_page":"","om_disable_all_campaigns":false,"_monsterinsights_skip_tracking":false,"_monsterinsights_sitenote_active":false,"_monsterinsights_sitenote_note":"","_monsterinsights_sitenote_category":0},"product_brand":[],"product_cat":[24],"product_tag":[],"class_list":{"0":"post-706","1":"product","2":"type-product","3":"status-publish","4":"has-post-thumbnail","6":"product_cat-seminaires","8":"first","9":"instock","10":"shipping-taxable","11":"purchasable","12":"product-type-simple"},"acf":[],"aioseo_notices":[],"jetpack_sharing_enabled":true,"_links":{"self":[{"href":"https:\/\/evenementcaninatq.com\/en\/wp-json\/wp\/v2\/product\/706","targetHints":{"allow":["GET"]}}],"collection":[{"href":"https:\/\/evenementcaninatq.com\/en\/wp-json\/wp\/v2\/product"}],"about":[{"href":"https:\/\/evenementcaninatq.com\/en\/wp-json\/wp\/v2\/types\/product"}],"wp:featuredmedia":[{"embeddable":true,"href":"https:\/\/evenementcaninatq.com\/en\/wp-json\/wp\/v2\/media\/714"}],"wp:attachment":[{"href":"https:\/\/evenementcaninatq.com\/en\/wp-json\/wp\/v2\/media?parent=706"}],"wp:term":[{"taxonomy":"product_brand","embeddable":true,"href":"https:\/\/evenementcaninatq.com\/en\/wp-json\/wp\/v2\/product_brand?post=706"},{"taxonomy":"product_cat","embeddable":true,"href":"https:\/\/evenementcaninatq.com\/en\/wp-json\/wp\/v2\/product_cat?post=706"},{"taxonomy":"product_tag","embeddable":true,"href":"https:\/\/evenementcaninatq.com\/en\/wp-json\/wp\/v2\/product_tag?post=706"}],"curies":[{"name":"wp","href":"https:\/\/api.w.org\/{rel}","templated":true}]}}