{"id":741,"date":"2026-04-16T18:46:03","date_gmt":"2026-04-16T18:46:03","guid":{"rendered":"https:\/\/evenementcaninatq.com\/?post_type=product&#038;p=741"},"modified":"2026-04-16T18:46:27","modified_gmt":"2026-04-16T18:46:27","slug":"ergonomie-elizabeth-caron","status":"publish","type":"product","link":"https:\/\/evenementcaninatq.com\/en\/product\/ergonomie-elizabeth-caron\/","title":{"rendered":"Ergonomie &#8211; \u00c9lizabeth Caron"},"content":{"rendered":"<h1><\/h1>\n<h1>Travailler sans se blesser : l\u2019ergoth\u00e9rapie au service<br \/>\ndes toiletteurs<\/h1>\n<p>Le toilettage est un m\u00e9tier exigeant qui combine pr\u00e9cision, r\u00e9p\u00e9tition, efforts physiques soutenus et interactions parfois complexes avec la client\u00e8le. Ces r\u00e9alit\u00e9s exposent les toiletteurs \u00e0 certains risques pour la sant\u00e9 et la s\u00e9curit\u00e9 au travail, dont des douleurs musculo-squelettiques au dos, aux \u00e9paules et aux poignets. Cette formation de 2 heures propose une approche concr\u00e8te, adapt\u00e9e au terrain, visant \u00e0 mieux comprendre l\u2019origine de ces douleurs et \u00e0 int\u00e9grer des strat\u00e9gies simples et efficaces pour les pr\u00e9venir. L\u2019accent est mis sur l\u2019optimisation des postures, l\u2019organisation du poste de travail et l\u2019utilisation ad\u00e9quate des \u00e9quipements comme les tables ajustables.\u00a0 Au-del\u00e0 des aspects physiques, la formation int\u00e8gre aussi la dimension psychologique du travail. Les participantes exploreront le lien entre stress, relations clients et tensions corporelles, tout en d\u00e9couvrant des outils concrets pour mieux communiquer, poser leurs limites et r\u00e9duire l\u2019impact des situations conflictuelles sur leur sant\u00e9. L\u2019objectif : offrir des strat\u00e9gies applicables imm\u00e9diatement pour r\u00e9duire la douleur, am\u00e9liorer le confort de travail et favoriser une pratique durable du m\u00e9tier.<\/p>","protected":false},"excerpt":{"rendered":"<p>Travailler sans se blesser : l\u2019ergoth\u00e9rapie au service des toiletteurs Le toilettage est un m\u00e9tier exigeant qui combine pr\u00e9cision, r\u00e9p\u00e9tition, efforts physiques soutenus et interactions parfois complexes avec la client\u00e8le. Ces r\u00e9alit\u00e9s exposent les toiletteurs \u00e0 certains risques pour la sant\u00e9 et la s\u00e9curit\u00e9 au travail, dont des douleurs musculo-squelettiques au dos, aux \u00e9paules et [&hellip;]<\/p>\n","protected":false},"featured_media":742,"template":"","meta":{"_acf_changed":false,"nf_dc_page":"","om_disable_all_campaigns":false,"_monsterinsights_skip_tracking":false,"_monsterinsights_sitenote_active":false,"_monsterinsights_sitenote_note":"","_monsterinsights_sitenote_category":0},"product_brand":[],"product_cat":[24],"product_tag":[],"class_list":{"0":"post-741","1":"product","2":"type-product","3":"status-publish","4":"has-post-thumbnail","6":"product_cat-seminaires","8":"first","9":"instock","10":"shipping-taxable","11":"purchasable","12":"product-type-simple"},"acf":[],"aioseo_notices":[],"jetpack_sharing_enabled":true,"_links":{"self":[{"href":"https:\/\/evenementcaninatq.com\/en\/wp-json\/wp\/v2\/product\/741","targetHints":{"allow":["GET"]}}],"collection":[{"href":"https:\/\/evenementcaninatq.com\/en\/wp-json\/wp\/v2\/product"}],"about":[{"href":"https:\/\/evenementcaninatq.com\/en\/wp-json\/wp\/v2\/types\/product"}],"wp:featuredmedia":[{"embeddable":true,"href":"https:\/\/evenementcaninatq.com\/en\/wp-json\/wp\/v2\/media\/742"}],"wp:attachment":[{"href":"https:\/\/evenementcaninatq.com\/en\/wp-json\/wp\/v2\/media?parent=741"}],"wp:term":[{"taxonomy":"product_brand","embeddable":true,"href":"https:\/\/evenementcaninatq.com\/en\/wp-json\/wp\/v2\/product_brand?post=741"},{"taxonomy":"product_cat","embeddable":true,"href":"https:\/\/evenementcaninatq.com\/en\/wp-json\/wp\/v2\/product_cat?post=741"},{"taxonomy":"product_tag","embeddable":true,"href":"https:\/\/evenementcaninatq.com\/en\/wp-json\/wp\/v2\/product_tag?post=741"}],"curies":[{"name":"wp","href":"https:\/\/api.w.org\/{rel}","templated":true}]}}